{"id":23,"date":"2015-10-08T20:26:09","date_gmt":"2015-10-08T20:26:09","guid":{"rendered":"http:\/\/www.bonalitis.cl\/?page_id=23"},"modified":"2016-08-22T23:13:05","modified_gmt":"2016-08-23T02:13:05","slug":"home","status":"publish","type":"page","link":"https:\/\/www.bonalitis.cl\/index.php\/home\/","title":{"rendered":""},"content":{"rendered":"<div id=\"pl-23\"  class=\"panel-layout\" ><div id=\"pg-23-0\"  class=\"panel-grid panel-no-style\" ><div id=\"pgc-23-0-0\"  class=\"panel-grid-cell\" ><div id=\"panel-23-0-0-0\" class=\"so-panel widget widget_sow-editor panel-first-child panel-last-child\" data-index=\"0\" ><div\n\t\t\t\n\t\t\tclass=\"so-widget-sow-editor so-widget-sow-editor-base\"\n\t\t\t\n\t\t>\n<div class=\"siteorigin-widget-tinymce textwidget\">\n\t<h5><strong>Bienvenidos!!!\u00a0<\/strong><\/h5>\n<p>Somos un Estudio Jur\u00eddico ubicado en la ciudad de Rancagua, creado con el objetivo de brindar a la ciudadan\u00eda un servicio legal en donde podr\u00e1 encontrar la respuesta a su conflicto jur\u00eddico o bien recibir\u00e1 la asesor\u00eda necesaria para poder realizar ese tr\u00e1mite legal-administrativo que debe concretar.<\/p>\n<p>Tenemos los conocimientos y experiencia necesaria para lograr la soluci\u00f3n de su problema, en \u00e1mbito familia, laboral y civil y otros, ofreci\u00e9ndole la cercan\u00eda y facilidades de pago m\u00e1s \u00f3ptimas para su econom\u00eda personal y\/o familiar.<\/p>\n<p>Nuestro compromiso es ofrecerle la calidad, rapidez, honradez y excelencia que necesita.<br \/><strong>Conf\u00edenos su caso. <em>Marcamos la diferencia!<\/em><\/strong>\u00a0<\/p>\n<p>No dude en contactarnos: <strong>su respuesta ser\u00e1 m\u00e1ximo en 48 hrs!<\/strong><\/p>\n<p>\u00a0<\/p>\n<\/div>\n<\/div><\/div><\/div><\/div><\/div>","protected":false},"excerpt":{"rendered":"<p>Bienvenidos!!!\u00a0Somos un Estudio Jur\u00eddico ubicado en la ciudad de Rancagua, creado con el objetivo de brindar a la ciudadan\u00eda un servicio legal en donde podr\u00e1 encontrar la respuesta a su conflicto jur\u00eddico o bien recibir\u00e1 la asesor\u00eda necesaria para poder realizar ese tr\u00e1mite legal-administrativo que debe concretar.Tenemos los conocimientos y&hellip;<\/p>\n<p class=\"read-more\"><a href=\"https:\/\/www.bonalitis.cl\/index.php\/home\/\">Read More<\/a><\/p>\n","protected":false},"author":2,"featured_media":0,"parent":0,"menu_order":1,"comment_status":"closed","ping_status":"closed","template":"page-templates\/full-width.php","meta":{"footnotes":""},"_links":{"self":[{"href":"https:\/\/www.bonalitis.cl\/index.php\/wp-json\/wp\/v2\/pages\/23"}],"collection":[{"href":"https:\/\/www.bonalitis.cl\/index.php\/wp-json\/wp\/v2\/pages"}],"about":[{"href":"https:\/\/www.bonalitis.cl\/index.php\/wp-json\/wp\/v2\/types\/page"}],"author":[{"embeddable":true,"href":"https:\/\/www.bonalitis.cl\/index.php\/wp-json\/wp\/v2\/users\/2"}],"replies":[{"embeddable":true,"href":"https:\/\/www.bonalitis.cl\/index.php\/wp-json\/wp\/v2\/comments?post=23"}],"version-history":[{"count":13,"href":"https:\/\/www.bonalitis.cl\/index.php\/wp-json\/wp\/v2\/pages\/23\/revisions"}],"predecessor-version":[{"id":200,"href":"https:\/\/www.bonalitis.cl\/index.php\/wp-json\/wp\/v2\/pages\/23\/revisions\/200"}],"wp:attachment":[{"href":"https:\/\/www.bonalitis.cl\/index.php\/wp-json\/wp\/v2\/media?parent=23"}],"curies":[{"name":"wp","href":"https:\/\/api.w.org\/{rel}","templated":true}]}}