{"id":9,"date":"2015-10-08T15:52:20","date_gmt":"2015-10-08T15:52:20","guid":{"rendered":"http:\/\/www.bonalitis.cl\/?page_id=9"},"modified":"2017-03-07T12:58:34","modified_gmt":"2017-03-07T15:58:34","slug":"nuestros-servicios","status":"publish","type":"page","link":"https:\/\/www.bonalitis.cl\/index.php\/nuestros-servicios\/","title":{"rendered":""},"content":{"rendered":"<div id=\"pl-9\"  class=\"panel-layout\" ><div id=\"pg-9-0\"  class=\"panel-grid panel-no-style\" ><div id=\"pgc-9-0-0\"  class=\"panel-grid-cell\" ><div id=\"panel-9-0-0-0\" class=\"so-panel widget widget_sow-editor panel-first-child panel-last-child\" data-index=\"0\" ><div\n\t\t\t\n\t\t\tclass=\"so-widget-sow-editor so-widget-sow-editor-base\"\n\t\t\t\n\t\t>\n<div class=\"siteorigin-widget-tinymce textwidget\">\n\t<p style=\"text-align: justify;\"><span style=\"color: #545151;\">\u00a0<\/span><span style=\"color: #545151;\">En <strong>BONA LITIS<\/strong> nos especializamos en distintas \u00e1reas del Derecho, para poder ofrecer a nuestros clientes\u00a0<\/span><span style=\"color: #545151;\">las soluciones \u00f3ptimas a las\u00a0<\/span><span style=\"color: #545151;\">necesidades\u00a0<\/span><span style=\"color: #545151;\">jur\u00eddicas que se\u00a0<\/span><span style=\"color: #545151;\">les vayan presentando, y lograr que obtengan\u00a0<\/span><span style=\"color: #545151;\">la satisfacci\u00f3n de haber recibido un excelente trabajo por parte\u00a0<\/span><span style=\"color: #545151;\">de\u00a0<\/span><span style=\"color: #545151;\">nuestro estudio\u00a0<\/span><span style=\"color: #545151;\"> jur\u00eddico.<\/span><\/p>\n<\/div>\n<\/div><\/div><\/div><\/div><div id=\"pg-9-1\"  class=\"panel-grid panel-no-style\" ><div id=\"pgc-9-1-0\"  class=\"panel-grid-cell\" ><div id=\"panel-9-1-0-0\" class=\"so-panel widget widget_sow-headline panel-first-child panel-last-child\" data-index=\"1\" ><div\n\t\t\t\n\t\t\tclass=\"so-widget-sow-headline so-widget-sow-headline-default-6997edb88d0e-9 so-widget-fittext-wrapper\"\n\t\t\t data-fit-text-compressor=\"0.85\"\n\t\t><div class=\"sow-headline-container \">\n\t\t\t\t\t\t\t<h3 class=\"sow-headline\">\n\t\t\t\t\t\tDERECHO CIVIL \t\t\t\t\t\t<\/h3>\n\t\t\t\t\t\t\t\t\t\t\t<div class=\"decoration\">\n\t\t\t\t\t\t<div class=\"decoration-inside\"><\/div>\n\t\t\t\t\t<\/div>\n\t\t\t\t\t\t\t\t\t\t\t<h6 class=\"sow-sub-headline\">\n\t\t\t\t\t\tEmbargos y tercer\u00edas - Indemnizaci\u00f3n de perjuicios - Arrendamientos - Precario - Estudios y regularizaci\u00f3n de t\u00edtulos - Cambio de nombre -Muerte presunta - Interdicci\u00f3n - Escrituras - Cumplimiento de Contratos, Etc.\t\t\t\t\t\t<\/h6>\n\t\t\t\t\t\t<\/div>\n<\/div><\/div><\/div><div id=\"pgc-9-1-1\"  class=\"panel-grid-cell\" ><div id=\"panel-9-1-1-0\" class=\"so-panel widget widget_sow-headline panel-first-child panel-last-child\" data-index=\"2\" ><div\n\t\t\t\n\t\t\tclass=\"so-widget-sow-headline so-widget-sow-headline-default-6997edb88d0e-9 so-widget-fittext-wrapper\"\n\t\t\t data-fit-text-compressor=\"0.85\"\n\t\t><div class=\"sow-headline-container \">\n\t\t\t\t\t\t\t<h3 class=\"sow-headline\">\n\t\t\t\t\t\tDERECHO FAMILIA\t\t\t\t\t\t<\/h3>\n\t\t\t\t\t\t\t\t\t\t\t<div class=\"decoration\">\n\t\t\t\t\t\t<div class=\"decoration-inside\"><\/div>\n\t\t\t\t\t<\/div>\n\t\t\t\t\t\t\t\t\t\t\t<h6 class=\"sow-sub-headline\">\n\t\t\t\t\t\tDivorcio (mutuo acuerdo, unilateral) - Declaraci\u00f3n bienes familiares - Pensiones alimenticias (cumplimiento, aumento, disminuci\u00f3n) - Transacciones - Autorizaciones salida del pa\u00eds - Separaci\u00f3n de bienes - Liquidaci\u00f3n sociedad conyugal, etc\t\t\t\t\t\t<\/h6>\n\t\t\t\t\t\t<\/div>\n<\/div><\/div><\/div><div id=\"pgc-9-1-2\"  class=\"panel-grid-cell\" ><div id=\"panel-9-1-2-0\" class=\"so-panel widget widget_sow-headline panel-first-child panel-last-child\" data-index=\"3\" ><div\n\t\t\t\n\t\t\tclass=\"so-widget-sow-headline so-widget-sow-headline-default-6997edb88d0e-9 so-widget-fittext-wrapper\"\n\t\t\t data-fit-text-compressor=\"0.85\"\n\t\t><div class=\"sow-headline-container \">\n\t\t\t\t\t\t\t<h3 class=\"sow-headline\">\n\t\t\t\t\t\tDERECHO LABORAL\t\t\t\t\t\t<\/h3>\n\t\t\t\t\t\t\t\t\t\t\t<div class=\"decoration\">\n\t\t\t\t\t\t<div class=\"decoration-inside\"><\/div>\n\t\t\t\t\t<\/div>\n\t\t\t\t\t\t\t\t\t\t\t<h6 class=\"sow-sub-headline\">\n\t\t\t\t\t\tDespido Injustificado - Accidentes del trabajo - Contrato de trabajo - Cotizaciones previsionales, etc. \t\t\t\t\t\t<\/h6>\n\t\t\t\t\t\t<\/div>\n<\/div><\/div><\/div><\/div><div id=\"pg-9-2\"  class=\"panel-grid panel-no-style\" ><div id=\"pgc-9-2-0\"  class=\"panel-grid-cell\" ><div id=\"panel-9-2-0-0\" class=\"so-panel widget widget_sow-headline panel-first-child panel-last-child\" data-index=\"4\" ><div\n\t\t\t\n\t\t\tclass=\"so-widget-sow-headline so-widget-sow-headline-default-6997edb88d0e-9 so-widget-fittext-wrapper\"\n\t\t\t data-fit-text-compressor=\"0.85\"\n\t\t><div class=\"sow-headline-container \">\n\t\t\t\t\t\t\t<h3 class=\"sow-headline\">\n\t\t\t\t\t\tOTRAS MATERIAS\t\t\t\t\t\t<\/h3>\n\t\t\t\t\t\t\t\t\t\t\t<div class=\"decoration\">\n\t\t\t\t\t\t<div class=\"decoration-inside\"><\/div>\n\t\t\t\t\t<\/div>\n\t\t\t\t\t\t\t\t\t\t\t<h6 class=\"sow-sub-headline\">\n\t\t\t\t\t\tLey del consumidor - Accidentes de tr\u00e1nsito - Copropiedad - Negligencias m\u00e9dicas - Asesor\u00edas e informes, etc\t\t\t\t\t\t<\/h6>\n\t\t\t\t\t\t<\/div>\n<\/div><\/div><\/div><div id=\"pgc-9-2-1\"  class=\"panel-grid-cell\" ><div id=\"panel-9-2-1-0\" class=\"so-panel widget widget_sow-headline panel-first-child panel-last-child\" data-index=\"5\" ><div\n\t\t\t\n\t\t\tclass=\"so-widget-sow-headline so-widget-sow-headline-default-6997edb88d0e-9 so-widget-fittext-wrapper\"\n\t\t\t data-fit-text-compressor=\"0.85\"\n\t\t><div class=\"sow-headline-container \">\n\t\t\t\t\t\t\t<h3 class=\"sow-headline\">\n\t\t\t\t\t\tRECURSOS \t\t\t\t\t\t<\/h3>\n\t\t\t\t\t\t\t\t\t\t\t<div class=\"decoration\">\n\t\t\t\t\t\t<div class=\"decoration-inside\"><\/div>\n\t\t\t\t\t<\/div>\n\t\t\t\t\t\t\t\t\t\t\t<h6 class=\"sow-sub-headline\">\n\t\t\t\t\t\tAlzas plan de isapre - Alza GES - Protecci\u00f3n\t\t\t\t\t\t<\/h6>\n\t\t\t\t\t\t<\/div>\n<\/div><\/div><\/div><div id=\"pgc-9-2-2\"  class=\"panel-grid-cell\" ><div id=\"panel-9-2-2-0\" class=\"so-panel widget widget_sow-headline panel-first-child panel-last-child\" data-index=\"6\" ><div\n\t\t\t\n\t\t\tclass=\"so-widget-sow-headline so-widget-sow-headline-default-6997edb88d0e-9 so-widget-fittext-wrapper\"\n\t\t\t data-fit-text-compressor=\"0.85\"\n\t\t><div class=\"sow-headline-container \">\n\t\t\t\t\t\t\t<h3 class=\"sow-headline\">\n\t\t\t\t\t\tPROPIEDADES\t\t\t\t\t\t<\/h3>\n\t\t\t\t\t\t\t\t\t\t\t<div class=\"decoration\">\n\t\t\t\t\t\t<div class=\"decoration-inside\"><\/div>\n\t\t\t\t\t<\/div>\n\t\t\t\t\t\t\t\t\t\t\t<h6 class=\"sow-sub-headline\">\n\t\t\t\t\t\tCorretaje propiedades - Administraci\u00f3n, etc.\t\t\t\t\t\t<\/h6>\n\t\t\t\t\t\t<\/div>\n<\/div><\/div><\/div><\/div><\/div>","protected":false},"excerpt":{"rendered":"<p>\u00a0En BONA LITIS nos especializamos en distintas \u00e1reas del Derecho, para poder ofrecer a nuestros clientes\u00a0las soluciones \u00f3ptimas a las\u00a0necesidades\u00a0jur\u00eddicas que se\u00a0les vayan presentando, y lograr que obtengan\u00a0la satisfacci\u00f3n de haber recibido un excelente trabajo por parte\u00a0de\u00a0nuestro estudio\u00a0 jur\u00eddico.<\/p>\n","protected":false},"author":2,"featured_media":0,"parent":0,"menu_order":3,"comment_status":"closed","ping_status":"closed","template":"page-templates\/full-width.php","meta":{"footnotes":""},"_links":{"self":[{"href":"https:\/\/www.bonalitis.cl\/index.php\/wp-json\/wp\/v2\/pages\/9"}],"collection":[{"href":"https:\/\/www.bonalitis.cl\/index.php\/wp-json\/wp\/v2\/pages"}],"about":[{"href":"https:\/\/www.bonalitis.cl\/index.php\/wp-json\/wp\/v2\/types\/page"}],"author":[{"embeddable":true,"href":"https:\/\/www.bonalitis.cl\/index.php\/wp-json\/wp\/v2\/users\/2"}],"replies":[{"embeddable":true,"href":"https:\/\/www.bonalitis.cl\/index.php\/wp-json\/wp\/v2\/comments?post=9"}],"version-history":[{"count":19,"href":"https:\/\/www.bonalitis.cl\/index.php\/wp-json\/wp\/v2\/pages\/9\/revisions"}],"predecessor-version":[{"id":237,"href":"https:\/\/www.bonalitis.cl\/index.php\/wp-json\/wp\/v2\/pages\/9\/revisions\/237"}],"wp:attachment":[{"href":"https:\/\/www.bonalitis.cl\/index.php\/wp-json\/wp\/v2\/media?parent=9"}],"curies":[{"name":"wp","href":"https:\/\/api.w.org\/{rel}","templated":true}]}}